{"id":35,"date":"2025-05-03T19:41:55","date_gmt":"2025-05-03T16:41:55","guid":{"rendered":"https:\/\/baytique-uae.com\/?page_id=35"},"modified":"2025-12-16T16:03:09","modified_gmt":"2025-12-16T13:03:09","slug":"privacy","status":"publish","type":"page","link":"https:\/\/baytique-uae.com\/pt\/privacy\/","title":{"rendered":"Privacidade"},"content":{"rendered":"<h5 class=\"wp-block-heading\"><strong>\u00daltima atualiza\u00e7\u00e3o: 16 de dezembro de 2025<\/strong><\/h5>\n\n\n\n<p><strong>1. Introdu\u00e7\u00e3o<\/strong><\/p>\n\n\n\n<p>A Baytique LLC (IN: 425363912) (\u201cN\u00f3s\u201d, \u201cNosso\u201d, \u201cEmpresa\u201d) valoriza a sua privacidade e est\u00e1 comprometida em proteger os seus dados pessoais de acordo com as leis dos Emirados \u00c1rabes Unidos (EAU). Esta Pol\u00edtica de Privacidade informa como recolhemos, usamos, armazenamos e protegemos as informa\u00e7\u00f5es que nos fornece ao usar o nosso site.&nbsp;<a href=\"https:\/\/baytique-uae.com\/pt\/\" target=\"_blank\" rel=\"noreferrer noopener\">https:\/\/baytique-uae.com<\/a>&nbsp;(o \u201cSite\u201d).<\/p>\n\n\n\n<p>Ao utilizar o nosso Site, concorda com a recolha e utiliza\u00e7\u00e3o dos seus dados de acordo com esta Pol\u00edtica.<\/p>\n\n\n\n<p><strong>2. Que dados recolhemos<\/strong><\/p>\n\n\n\n<p>Recolhemos os dados que nos fornece diretamente e automaticamente:<\/p>\n\n\n\n<ul class=\"wp-block-list\">\n<li><strong>Informa\u00e7\u00f5es de contacto e consultas<\/strong>: O seu nome, endere\u00e7o de e-mail, n\u00famero de telefone e quaisquer detalhes que fornecer (por exemplo, prefer\u00eancias de im\u00f3veis, or\u00e7amento) ao preencher formul\u00e1rios de contacto (por exemplo, \u201cContacte-nos\u201d, \u201cAgende uma consulta\u201d, \u201cSolicite um portf\u00f3lio\u201d).<\/li>\n\n\n\n<li><strong>Dados t\u00e9cnicos<\/strong>: Recolhemos automaticamente determinadas informa\u00e7\u00f5es atrav\u00e9s de cookies e tecnologias semelhantes, tais como o seu endere\u00e7o IP, tipo de navegador e p\u00e1ginas visitadas, para analisar o desempenho e a seguran\u00e7a do Site.<\/li>\n<\/ul>\n\n\n\n<p><strong>3. Como utilizamos os seus dados<\/strong><\/p>\n\n\n\n<p>Utilizamos as informa\u00e7\u00f5es recolhidas para os seguintes fins:<\/p>\n\n\n\n<ul class=\"wp-block-list\">\n<li><strong>Presta\u00e7\u00e3o de servi\u00e7os de concierge<\/strong>: Para entrar em contacto consigo relativamente \u00e0 sua consulta, fornecer im\u00f3veis personalizados, agendar visitas e oferecer os nossos servi\u00e7os imobili\u00e1rios de luxo nos Emirados \u00c1rabes Unidos.<\/li>\n\n\n\n<li><strong>Comunica\u00e7\u00e3o<\/strong>: Para responder \u00e0s suas perguntas, enviar as informa\u00e7\u00f5es solicitadas e fornecer atualiza\u00e7\u00f5es sobre o mercado imobili\u00e1rio dos Emirados \u00c1rabes Unidos.<\/li>\n\n\n\n<li><strong>Gest\u00e3o de Relacionamento com o Cliente<\/strong>: Para gerir a sua consulta e a nossa rela\u00e7\u00e3o cont\u00ednua nos nossos sistemas internos.<\/li>\n\n\n\n<li><strong>Melhoria e seguran\u00e7a do site<\/strong>: Analisar dados de utiliza\u00e7\u00e3o an\u00f3nimos para melhorar a funcionalidade, o conte\u00fado e a seguran\u00e7a do nosso website.<\/li>\n<\/ul>\n\n\n\n<p><strong>4. Bases jur\u00eddicas para o tratamento de dados<\/strong><\/p>\n\n\n\n<p>Processamos os seus dados pessoais com base nos seguintes fundamentos jur\u00eddicos, nos termos da legisla\u00e7\u00e3o dos Emirados \u00c1rabes Unidos:<\/p>\n\n\n\n<ul class=\"wp-block-list\">\n<li><strong>O seu consentimento<\/strong>: Quando o fornece explicitamente ao enviar um formul\u00e1rio ou concordar com um processamento espec\u00edfico.<\/li>\n\n\n\n<li><strong>Execu\u00e7\u00e3o de um contrato<\/strong>: Tomar medidas a seu pedido antes de celebrar um contrato para os nossos servi\u00e7os.<\/li>\n\n\n\n<li><strong>Interesses leg\u00edtimos<\/strong>: Para o funcionamento eficaz e seguro do nosso neg\u00f3cio e website, incluindo a comercializa\u00e7\u00e3o dos nossos servi\u00e7os semelhantes a clientes existentes, quando permitido por lei.<\/li>\n\n\n\n<li><strong>Cumprimento das obriga\u00e7\u00f5es legais<\/strong>: Quando o tratamento for necess\u00e1rio para cumprir as leis e regulamentos dos Emirados \u00c1rabes Unidos.<\/li>\n<\/ul>\n\n\n\n<p><strong>5. Cookies e servi\u00e7os de terceiros<\/strong><\/p>\n\n\n\n<p>O nosso site utiliza cookies e tecnologias de rastreamento semelhantes. Pode gerir as suas prefer\u00eancias atrav\u00e9s do nosso banner de cookies ou das configura\u00e7\u00f5es do seu navegador. Podemos utilizar servi\u00e7os de terceiros confi\u00e1veis (por exemplo, para an\u00e1lises ou mapas) que possuem as suas pr\u00f3prias pol\u00edticas de privacidade.<\/p>\n\n\n\n<p><strong>6. Com quem partilhamos os seus dados<\/strong><\/p>\n\n\n\n<p>N\u00e3o vendemos os seus dados pessoais. Podemos partilh\u00e1-los com:<\/p>\n\n\n\n<ul class=\"wp-block-list\">\n<li><strong>Prestadores de servi\u00e7os<\/strong>: Parceiros de confian\u00e7a que prestam servi\u00e7os em nosso nome ao abrigo de acordos de confidencialidade rigorosos, tais como suporte de TI, fornecedores de CRM ou consultores profissionais nos Emirados \u00c1rabes Unidos.<\/li>\n\n\n\n<li><strong>Autoridades legais e reguladoras<\/strong>: Quando necess\u00e1rio para cumprir as leis e regulamentos aplic\u00e1veis dos Emirados \u00c1rabes Unidos ou solicita\u00e7\u00f5es legais v\u00e1lidas das autoridades.<\/li>\n<\/ul>\n\n\n\n<p><strong>7. Transfer\u00eancias internacionais de dados<\/strong><\/p>\n\n\n\n<p>Os seus dados pessoais s\u00e3o processados e armazenados principalmente nos Emirados \u00c1rabes Unidos. Se precisarmos transferir os seus dados para fora dos Emirados \u00c1rabes Unidos, garantiremos um n\u00edvel adequado de prote\u00e7\u00e3o, conforme exigido pelos regulamentos de prote\u00e7\u00e3o de dados dos Emirados \u00c1rabes Unidos.<\/p>\n\n\n\n<p><strong>8. Seguran\u00e7a dos dados<\/strong><\/p>\n\n\n\n<p>Implementamos medidas de seguran\u00e7a t\u00e9cnicas e organizacionais adequadas para proteger os seus dados pessoais contra acesso n\u00e3o autorizado, divulga\u00e7\u00e3o, altera\u00e7\u00e3o ou destrui\u00e7\u00e3o.<\/p>\n\n\n\n<p><strong>9. Per\u00edodo de reten\u00e7\u00e3o de dados<\/strong><\/p>\n\n\n\n<p>Reteremos os seus dados pessoais apenas pelo tempo necess\u00e1rio para cumprir os objetivos descritos nesta pol\u00edtica ou conforme necess\u00e1rio para cumprir as nossas obriga\u00e7\u00f5es legais, contabil\u00edsticas ou regulat\u00f3rias nos Emirados \u00c1rabes Unidos.<\/p>\n\n\n\n<p><strong>10. Os seus direitos<\/strong><\/p>\n\n\n\n<p>Dependendo das suas circunst\u00e2ncias e da legisla\u00e7\u00e3o aplic\u00e1vel dos Emirados \u00c1rabes Unidos (como os Regulamentos de Prote\u00e7\u00e3o de Dados ADGM 2021 ou a Lei de Prote\u00e7\u00e3o de Dados DIFC), poder\u00e1 ter certos direitos em rela\u00e7\u00e3o aos seus dados pessoais. Para consultar ou exercer quaisquer direitos potenciais, como acesso ou corre\u00e7\u00e3o, entre em contacto connosco.<\/p>\n\n\n\n<p><strong>11. Contacte-nos<\/strong><\/p>\n\n\n\n<p>Se tiver alguma d\u00favida sobre esta Pol\u00edtica de Privacidade ou desejar entrar em contacto com o nosso Respons\u00e1vel pela Prote\u00e7\u00e3o de Dados, utilize os seguintes dados:<\/p>\n\n\n\n<ul class=\"wp-block-list\">\n<li><strong>E-mail<\/strong>hello@baytique-uae.com<\/li>\n\n\n\n<li><strong>Telefone<\/strong>: +971 52 110 0777<\/li>\n\n\n\n<li><strong>Endere\u00e7o do escrit\u00f3rio<\/strong>: Park Heights Square 1, Dubai Hills Estate, Dubai, Emirados \u00c1rabes Unidos.<\/li>\n\n\n\n<li><strong>Empresa<\/strong>: The Baytique LLC (IN: 425363912)<\/li>\n<\/ul>\n\n\n\n<p><strong>12. Lei aplic\u00e1vel e jurisdi\u00e7\u00e3o<\/strong><\/p>\n\n\n\n<p>Esta Pol\u00edtica de Privacidade \u00e9 regida e interpretada de acordo com as leis dos Emirados \u00c1rabes Unidos. Quaisquer disputas relacionadas a esta pol\u00edtica estar\u00e3o sujeitas \u00e0 jurisdi\u00e7\u00e3o exclusiva dos tribunais de Dubai.<\/p>\n\n\n\n<p><strong>13. Altera\u00e7\u00f5es a esta Pol\u00edtica de Privacidade<\/strong><\/p>\n\n\n\n<p>Podemos atualizar esta pol\u00edtica periodicamente. Iremos notific\u00e1-lo sobre quaisquer altera\u00e7\u00f5es materiais, publicando a nova Pol\u00edtica de Privacidade nesta p\u00e1gina e atualizando a data da \u201c\u00daltima atualiza\u00e7\u00e3o\u201d.<\/p>","protected":false},"excerpt":{"rendered":"<p>\u00daltima atualiza\u00e7\u00e3o: December 16, 2025 1. Introdu\u00e7\u00e3o A Baytique LLC [...]<\/p>","protected":false},"author":14,"featured_media":0,"parent":0,"menu_order":0,"comment_status":"closed","ping_status":"closed","template":"templates\/text.php","meta":{"_acf_changed":false,"footnotes":""},"class_list":["post-35","page","type-page","status-publish","hentry"],"acf":[],"_links":{"self":[{"href":"https:\/\/baytique-uae.com\/pt\/wp-json\/wp\/v2\/pages\/35","targetHints":{"allow":["GET"]}}],"collection":[{"href":"https:\/\/baytique-uae.com\/pt\/wp-json\/wp\/v2\/pages"}],"about":[{"href":"https:\/\/baytique-uae.com\/pt\/wp-json\/wp\/v2\/types\/page"}],"author":[{"embeddable":true,"href":"https:\/\/baytique-uae.com\/pt\/wp-json\/wp\/v2\/users\/14"}],"replies":[{"embeddable":true,"href":"https:\/\/baytique-uae.com\/pt\/wp-json\/wp\/v2\/comments?post=35"}],"version-history":[{"count":2,"href":"https:\/\/baytique-uae.com\/pt\/wp-json\/wp\/v2\/pages\/35\/revisions"}],"predecessor-version":[{"id":7426,"href":"https:\/\/baytique-uae.com\/pt\/wp-json\/wp\/v2\/pages\/35\/revisions\/7426"}],"wp:attachment":[{"href":"https:\/\/baytique-uae.com\/pt\/wp-json\/wp\/v2\/media?parent=35"}],"curies":[{"name":"wp","href":"https:\/\/api.w.org\/{rel}","templated":true}]}}