{"id":35,"date":"2025-05-03T19:41:55","date_gmt":"2025-05-03T16:41:55","guid":{"rendered":"https:\/\/baytique-uae.com\/?page_id=35"},"modified":"2025-12-16T16:03:09","modified_gmt":"2025-12-16T13:03:09","slug":"privacy","status":"publish","type":"page","link":"https:\/\/baytique-uae.com\/es\/privacy\/","title":{"rendered":"Privacidad"},"content":{"rendered":"<h5 class=\"wp-block-heading\"><strong>\u00daltima actualizaci\u00f3n: 16 de diciembre de 2025<\/strong><\/h5>\n\n\n\n<p><strong>1. Introducci\u00f3n<\/strong><\/p>\n\n\n\n<p>The Baytique LLC (IN: 425363912) (\u201cNosotros\u201d, \u201cNuestro\u201d, \u201cEmpresa\u201d) valora su privacidad y se compromete a proteger sus datos personales de conformidad con las leyes de los Emiratos \u00c1rabes Unidos (EAU). La presente Pol\u00edtica de privacidad le informa sobre c\u00f3mo recopilamos, utilizamos, almacenamos y protegemos la informaci\u00f3n que nos proporciona al utilizar nuestro sitio web.&nbsp;<a href=\"https:\/\/baytique-uae.com\/es\/\" target=\"_blank\" rel=\"noreferrer noopener\">https:\/\/baytique-uae.com<\/a>&nbsp;(el \u201cSitio\u201d).<\/p>\n\n\n\n<p>Al utilizar nuestro Sitio, usted acepta la recopilaci\u00f3n y el uso de sus datos de conformidad con esta Pol\u00edtica.<\/p>\n\n\n\n<p><strong>2. Qu\u00e9 datos recopilamos<\/strong><\/p>\n\n\n\n<p>Recopilamos los datos que nos proporciona de forma directa y autom\u00e1tica:<\/p>\n\n\n\n<ul class=\"wp-block-list\">\n<li><strong>Informaci\u00f3n de contacto y consultas<\/strong>: Su nombre, direcci\u00f3n de correo electr\u00f3nico, n\u00famero de tel\u00e9fono y cualquier dato que proporcione (por ejemplo, preferencias inmobiliarias, presupuesto) al rellenar los formularios de contacto (por ejemplo, \u201cCont\u00e1ctenos\u201d, \u201cProgramar una consulta\u201d, \u201cSolicitar un portafolio\u201d).<\/li>\n\n\n\n<li><strong>Datos t\u00e9cnicos<\/strong>Recopilamos autom\u00e1ticamente cierta informaci\u00f3n a trav\u00e9s de cookies y tecnolog\u00edas similares, como su direcci\u00f3n IP, tipo de navegador y p\u00e1ginas visitadas, para analizar el rendimiento y la seguridad del Sitio.<\/li>\n<\/ul>\n\n\n\n<p><strong>3. C\u00f3mo utilizamos sus datos<\/strong><\/p>\n\n\n\n<p>Utilizamos la informaci\u00f3n recopilada para los siguientes fines:<\/p>\n\n\n\n<ul class=\"wp-block-list\">\n<li><strong>Prestaci\u00f3n de servicios de conserjer\u00eda<\/strong>: Para ponernos en contacto con usted en relaci\u00f3n con su consulta, proporcionarle propiedades personalizadas que se ajusten a sus necesidades, programar visitas y ofrecerle nuestros servicios inmobiliarios de lujo en los Emiratos \u00c1rabes Unidos.<\/li>\n\n\n\n<li><strong>Comunicaci\u00f3n<\/strong>: Para responder a sus preguntas, enviarle la informaci\u00f3n solicitada y proporcionarle actualizaciones sobre el mercado inmobiliario de los Emiratos \u00c1rabes Unidos.<\/li>\n\n\n\n<li><strong>Gesti\u00f3n de relaciones con los clientes<\/strong>: Para gestionar su consulta y nuestra relaci\u00f3n continua dentro de nuestros sistemas internos.<\/li>\n\n\n\n<li><strong>Mejora y seguridad del sitio<\/strong>: Analizar datos de uso an\u00f3nimos para mejorar la funcionalidad, el contenido y la seguridad de nuestro sitio web.<\/li>\n<\/ul>\n\n\n\n<p><strong>4. Bases legales para el tratamiento de datos<\/strong><\/p>\n\n\n\n<p>Tratamos sus datos personales sobre la base de los siguientes fundamentos jur\u00eddicos seg\u00fan la legislaci\u00f3n de los EAU:<\/p>\n\n\n\n<ul class=\"wp-block-list\">\n<li><strong>Su consentimiento<\/strong>: Cuando lo proporcionas expl\u00edcitamente al enviar un formulario o aceptar un tratamiento espec\u00edfico.<\/li>\n\n\n\n<li><strong>Cumplimiento de un contrato<\/strong>: Tomar medidas a petici\u00f3n suya antes de celebrar un contrato para nuestros servicios.<\/li>\n\n\n\n<li><strong>Intereses leg\u00edtimos<\/strong>: Para el funcionamiento eficaz y seguro de nuestro negocio y nuestro sitio web, incluida la comercializaci\u00f3n de nuestros servicios similares a clientes existentes, cuando lo permita la ley.<\/li>\n\n\n\n<li><strong>Cumplimiento de las obligaciones legales<\/strong>: Cuando el tratamiento sea necesario para cumplir con las leyes y normativas de los Emiratos \u00c1rabes Unidos.<\/li>\n<\/ul>\n\n\n\n<p><strong>5. Cookies y servicios de terceros<\/strong><\/p>\n\n\n\n<p>Nuestro sitio web utiliza cookies y tecnolog\u00edas de seguimiento similares. Puede gestionar sus preferencias a trav\u00e9s de nuestro banner de cookies o de la configuraci\u00f3n de su navegador. Podemos utilizar servicios de terceros de confianza (por ejemplo, para an\u00e1lisis o mapas) que tienen sus propias pol\u00edticas de privacidad.<\/p>\n\n\n\n<p><strong>6. Con qui\u00e9n compartimos sus datos<\/strong><\/p>\n\n\n\n<p>No vendemos sus datos personales. Podemos compartirlos con:<\/p>\n\n\n\n<ul class=\"wp-block-list\">\n<li><strong>Proveedores de servicios<\/strong>: Socios de confianza que prestan servicios en nuestro nombre bajo estrictos acuerdos de confidencialidad, tales como soporte inform\u00e1tico, proveedores de CRM o asesores profesionales dentro de los EAU.<\/li>\n\n\n\n<li><strong>Autoridades legales y reguladoras<\/strong>: Cuando sea necesario para cumplir con las leyes y normativas aplicables de los EAU o con solicitudes legales v\u00e1lidas de las autoridades.<\/li>\n<\/ul>\n\n\n\n<p><strong>7. Transferencias internacionales de datos<\/strong><\/p>\n\n\n\n<p>Sus datos personales se procesan y almacenan principalmente en los Emiratos \u00c1rabes Unidos. Si necesitamos transferir sus datos fuera de los Emiratos \u00c1rabes Unidos, nos aseguraremos de que se aplique un nivel de protecci\u00f3n adecuado, tal y como exigen las normas de protecci\u00f3n de datos de los Emiratos \u00c1rabes Unidos.<\/p>\n\n\n\n<p><strong>8. Seguridad de los datos<\/strong><\/p>\n\n\n\n<p>Implementamos medidas de seguridad t\u00e9cnicas y organizativas adecuadas para proteger sus datos personales contra el acceso no autorizado, la divulgaci\u00f3n, la alteraci\u00f3n o la destrucci\u00f3n.<\/p>\n\n\n\n<p><strong>9. Periodo de conservaci\u00f3n de datos<\/strong><\/p>\n\n\n\n<p>Conservaremos sus datos personales solo durante el tiempo necesario para cumplir con los fines descritos en esta pol\u00edtica, o seg\u00fan sea necesario para cumplir con nuestras obligaciones legales, contables o reglamentarias en los EAU.<\/p>\n\n\n\n<p><strong>10. Sus derechos<\/strong><\/p>\n\n\n\n<p>En funci\u00f3n de sus circunstancias y de la legislaci\u00f3n aplicable de los EAU (como el Reglamento de Protecci\u00f3n de Datos de ADGM de 2021 o la Ley de Protecci\u00f3n de Datos de DIFC), es posible que tenga ciertos derechos con respecto a sus datos personales. Para consultar o ejercer cualquier derecho potencial, como el acceso o la correcci\u00f3n, p\u00f3ngase en contacto con nosotros.<\/p>\n\n\n\n<p><strong>11. Cont\u00e1ctenos<\/strong><\/p>\n\n\n\n<p>Si tiene alguna pregunta sobre esta Pol\u00edtica de privacidad o desea ponerse en contacto con nuestro responsable de protecci\u00f3n de datos, utilice los siguientes datos:<\/p>\n\n\n\n<ul class=\"wp-block-list\">\n<li><strong>Correo electr\u00f3nico<\/strong>: hello@baytique-uae.com<\/li>\n\n\n\n<li><strong>Tel\u00e9fono<\/strong>: +971 52 110 0777<\/li>\n\n\n\n<li><strong>Direcci\u00f3n de la oficina<\/strong>: Park Heights Square 1, Dubai Hills Estate, Dub\u00e1i, Emiratos \u00c1rabes Unidos.<\/li>\n\n\n\n<li><strong>Empresa<\/strong>: The Baytique LLC (N.\u00ba de identificaci\u00f3n fiscal: 425363912)<\/li>\n<\/ul>\n\n\n\n<p><strong>12. Legislaci\u00f3n aplicable y jurisdicci\u00f3n<\/strong><\/p>\n\n\n\n<p>La presente Pol\u00edtica de privacidad se rige e interpreta de conformidad con las leyes de los Emiratos \u00c1rabes Unidos. Cualquier controversia relacionada con esta pol\u00edtica estar\u00e1 sujeta a la jurisdicci\u00f3n exclusiva de los tribunales de Dub\u00e1i.<\/p>\n\n\n\n<p><strong>13. Cambios en esta Pol\u00edtica de privacidad<\/strong><\/p>\n\n\n\n<p>Podemos actualizar esta pol\u00edtica peri\u00f3dicamente. Le notificaremos cualquier cambio sustancial mediante la publicaci\u00f3n de la nueva Pol\u00edtica de privacidad en esta p\u00e1gina y la actualizaci\u00f3n de la fecha de \u201c\u00daltima actualizaci\u00f3n\u201d.<\/p>","protected":false},"excerpt":{"rendered":"<p>\u00daltima actualizaci\u00f3n: 16 de diciembre de 2025 1. Introducci\u00f3n La Baytique LLC [...]<\/p>","protected":false},"author":14,"featured_media":0,"parent":0,"menu_order":0,"comment_status":"closed","ping_status":"closed","template":"templates\/text.php","meta":{"_acf_changed":false,"footnotes":""},"class_list":["post-35","page","type-page","status-publish","hentry"],"acf":[],"_links":{"self":[{"href":"https:\/\/baytique-uae.com\/es\/wp-json\/wp\/v2\/pages\/35","targetHints":{"allow":["GET"]}}],"collection":[{"href":"https:\/\/baytique-uae.com\/es\/wp-json\/wp\/v2\/pages"}],"about":[{"href":"https:\/\/baytique-uae.com\/es\/wp-json\/wp\/v2\/types\/page"}],"author":[{"embeddable":true,"href":"https:\/\/baytique-uae.com\/es\/wp-json\/wp\/v2\/users\/14"}],"replies":[{"embeddable":true,"href":"https:\/\/baytique-uae.com\/es\/wp-json\/wp\/v2\/comments?post=35"}],"version-history":[{"count":2,"href":"https:\/\/baytique-uae.com\/es\/wp-json\/wp\/v2\/pages\/35\/revisions"}],"predecessor-version":[{"id":7426,"href":"https:\/\/baytique-uae.com\/es\/wp-json\/wp\/v2\/pages\/35\/revisions\/7426"}],"wp:attachment":[{"href":"https:\/\/baytique-uae.com\/es\/wp-json\/wp\/v2\/media?parent=35"}],"curies":[{"name":"wp","href":"https:\/\/api.w.org\/{rel}","templated":true}]}}